{"id":8,"date":"2023-02-22T17:32:57","date_gmt":"2023-02-22T16:32:57","guid":{"rendered":"http:\/\/www.francisquemichot.fr\/?page_id=8"},"modified":"2023-06-09T11:13:10","modified_gmt":"2023-06-09T09:13:10","slug":"joseph-michot","status":"publish","type":"page","link":"https:\/\/www.francisquemichot.fr\/index.php\/joseph-michot\/","title":{"rendered":"Joseph MICHOT"},"content":{"rendered":"<p>[vc_row][vc_column][vc_column_text]<\/p>\r\n<p><strong>Joseph Pierre Claude MICHOT (1889-1934)<\/strong><\/p>\r\n\r\n<p>Fils a\u00een\u00e9 de Louis MICHOT et de Jeanne ROUSSET, Joseph MICHOT est n\u00e9 le 27 novembre 1889 \u00e0 Firminy.<\/p>\r\n\r\n<p>Enfant turbulent, de temp\u00e9rament ardent, il fait toutefois d\u2019excellents \u00e9tudes de lettres au Lyc\u00e9e de Saint-Etienne. D\u00e8s le jeune \u00e2ge, il s\u2019adonne avec passion aux sports les plus violents. Il m\u00e8ne de pair ses \u00e9tudes, son activit\u00e9 sportive, et\u2026 ses intrigues amoureuses.<\/p>\r\n\r\n<p>Animateur et fondateur de diverses soci\u00e9t\u00e9s de football rugby et d\u2019athl\u00e9tisme, il r\u00e9alise lui-m\u00eame de bonnes performances sur le 100 m\u00e8tres, 400 m\u00e8tres, et le saut en hauteur. Il organise des f\u00eates sportives de bienfaisances, faisant d\u00e9placer les athl\u00e8tes de la r\u00e9gion, ainsi que des foules importantes.<\/p>\r\n\r\n<p>C\u2019est l\u2019\u00e9poque h\u00e9ro\u00efque du sport, alors qu\u2019il faut lutter contre l\u2019ignorance et l\u2019incompr\u00e9hension du public et des parents. Organisateur, il paye sans cesse de sa personne, faisant nombre dans toutes les \u00e9preuves, faisant de la boxe anglaise, des courses \u00e0 bicyclette, du cross-country\u2026<\/p>\r\n\r\n<p>Parti \u00e9tudiant en m\u00e9decine \u00e0 Lyon, il joue au rugby au Football Club de Lyon, puis au Lyon Olympique. Ce qui ne l\u2019emp\u00eache pas de passer tous ses examens dans le minimum de temps\u2026 Ses \u00e9tudes se sont termin\u00e9es lorsqu\u2019il part au service militaire, sans avoir demand\u00e9 de sursis. Quand il reviendra, il ne lui restera plus qu\u2019\u00e0 passer sa th\u00e8se.<\/p>\r\n\r\n<p>Artilleur de 2\u00e8me classe pendant un an au 36\u00e8me de l\u2019arme, \u00e0 Clermont-Ferrand, il termine sa derni\u00e8re ann\u00e9e comme m\u00e9decin auxiliaire au 43\u00e8me, \u00e0 H\u00e9ricourt, o\u00f9 il fonde une \u00e9quipe de football association.<\/p>\r\n\r\n<p>Son service militaire termin\u00e9, il passe imm\u00e9diatement sa th\u00e8se sur un sujet sportif, et il ouvre son cabinet de secteur \u00e0 Saint-Etienne, 10 place Bellevue. Son activit\u00e9 sportive, son intelligence lui font esp\u00e9rer un rapide succ\u00e8s quand la guerre le surprend en plein organisation, en ao\u00fbt 1914.<\/p>\r\n\r\n<p>Mobilis\u00e9 au 29\u00e8me d\u2019infanterie, comme m\u00e9decin de bataillon, sa brillante conduite au feu lui vaut trois \u00e9logieuses citations, o\u00f9 lui, comme m\u00e9decin, est cit\u00e9 en exemple \u00e0 tout son bataillon\u2026<\/p>\r\n\r\n<p>Commotionn\u00e9 par obus, il en reste l\u00e9g\u00e8rement sourd, et est gaz\u00e9. Sur la fin de la guerre, il est affect\u00e9 dans une ambulance, poste moins dangereux.<\/p>\r\n\r\n<p>Il se marie alors, le 25 juin 1918, avec une marraine de guerre, de Paris, Alice BERTHE.<\/p>\r\n\r\n<p>La guerre finie, il reprend courageusement son poste \u00e0 Saint-Etienne, o\u00f9 tout est \u00e0 refaire.<\/p>\r\n\r\n<p>De son mariage avec Alice BERTHE, il a un fils, Ren\u00e9, le 11 novembre 1920.<\/p>\r\n\r\n<p>Ses titres de guerre lui valent la L\u00e9gion d\u2019honneur et ses titres sportifs lui font d\u00e9cerner la M\u00e9daille d\u2019or de l\u2019\u00c9ducation Physique.<\/p>\r\n\r\n<p>Sa science, son \u00e9nergie, son activit\u00e9 ne tardent pas \u00e0 lui donner une situation m\u00e9dicale de premier plan. Sa situation est prosp\u00e8re.<\/p>\r\n\r\n<p>Il s\u2019occupe toujours ardemment de diffusion sportive, dirigeant de soci\u00e9t\u00e9s, pratiquant lui-m\u00eame, au Stade For\u00e9zien Universitaire, et \u00e0 l\u2019Abeille Sportive st\u00e9phanoise.<\/p>\r\n\r\n<p>Ap\u00f4tre de l\u2019Id\u00e9e Sportive, il lutte par la parole, par l\u2019\u00e9crit, et par l\u2019exemple.<\/p>\r\n\r\n<p>En collaboration avec un ami, le docteur FOUQUE, il publie de nombreuses brochures de diffusion sportive, et de nombreux articles de presse.<\/p>\r\n\r\n<p>Il donne une vive impulsion aux \u0152uvres post-scolaire la\u00efques de la Loire. Il est Vice-Pr\u00e9sident de l\u2019UFOLEP.<\/p>\r\n\r\n<p>Cette carri\u00e8re brillante et pleine de promesse est brutalement interrompue en 1934, o\u00f9 il meurt apr\u00e8s quelques mois de maladie, d\u2019un cancer vert\u00e9bral, \u00e0 44 ans\u2026<\/p>\r\n\r\n<p>Petit-fils de forgeron, fils d&#8217;une modeste secr\u00e9taire de mairie de Firminy, il a continu\u00e9 l\u2019ascension de la famille. Il a conquis une situation de premier plan \u00e0 Saint-Etienne, au service d\u2019un Id\u00e9al.<\/p>\r\n\r\n<p>Non croyant, il se fait enterrer civilement, ce qui est nouveau dans la famille.<\/p>\r\n\r\n<p>A sa mort, toute la presse st\u00e9phanoise lui consacre d\u2019importants articles n\u00e9crologiques.<\/p>\r\n\r\n<p>&nbsp;<\/p>\r\n\r\n<p>&nbsp;<\/p>\r\n\r\n<p><strong>Biographie r\u00e9dig\u00e9e par Francisque MICHOT et retranscrite par Pierre MOIGNET.<\/strong><\/p>\r\n<p>&nbsp;<\/p>\r\n\r\n<p>[\/vc_column_text][\/vc_column][\/vc_row][vc_row][vc_column][vc_single_image image=&#8221;405&#8243; img_size=&#8221;large&#8221;][vc_single_image image=&#8221;406&#8243; img_size=&#8221;large&#8221;][vc_single_image image=&#8221;501&#8243; img_size=&#8221;large&#8221;][\/vc_column][\/vc_row][vc_row][vc_column][vc_empty_space][vc_empty_space][vc_btn title=&#8221;Vers la biographie de Francisque MICHOT&#8221; link=&#8221;url:http%3A%2F%2Fwww.francisquemichot.fr%2Findex.php%2Ffrancisque-michot%2F|||&#8221;][vc_empty_space][vc_empty_space][\/vc_column][\/vc_row]<\/p>","protected":false},"excerpt":{"rendered":"<p>[vc_row][vc_column][vc_column_text] Joseph Pierre Claude MICHOT (1889-1934) Fils a\u00een\u00e9 de Louis MICHOT et de Jeanne ROUSSET, Joseph MICHOT est n\u00e9 le 27 novembre 1889 \u00e0 Firminy. Enfant turbulent, de temp\u00e9rament ardent, il fait toutefois d\u2019excellents \u00e9tudes de lettres au Lyc\u00e9e de [&hellip;]<\/p>\n","protected":false},"author":1,"featured_media":0,"parent":0,"menu_order":0,"comment_status":"closed","ping_status":"closed","template":"","meta":{"footnotes":""},"class_list":["post-8","page","type-page","status-publish","hentry"],"_links":{"self":[{"href":"https:\/\/www.francisquemichot.fr\/index.php\/wp-json\/wp\/v2\/pages\/8","targetHints":{"allow":["GET"]}}],"collection":[{"href":"https:\/\/www.francisquemichot.fr\/index.php\/wp-json\/wp\/v2\/pages"}],"about":[{"href":"https:\/\/www.francisquemichot.fr\/index.php\/wp-json\/wp\/v2\/types\/page"}],"author":[{"embeddable":true,"href":"https:\/\/www.francisquemichot.fr\/index.php\/wp-json\/wp\/v2\/users\/1"}],"replies":[{"embeddable":true,"href":"https:\/\/www.francisquemichot.fr\/index.php\/wp-json\/wp\/v2\/comments?post=8"}],"version-history":[{"count":11,"href":"https:\/\/www.francisquemichot.fr\/index.php\/wp-json\/wp\/v2\/pages\/8\/revisions"}],"predecessor-version":[{"id":563,"href":"https:\/\/www.francisquemichot.fr\/index.php\/wp-json\/wp\/v2\/pages\/8\/revisions\/563"}],"wp:attachment":[{"href":"https:\/\/www.francisquemichot.fr\/index.php\/wp-json\/wp\/v2\/media?parent=8"}],"curies":[{"name":"wp","href":"https:\/\/api.w.org\/{rel}","templated":true}]}}