{"id":7,"date":"2023-02-22T17:32:57","date_gmt":"2023-02-22T16:32:57","guid":{"rendered":"http:\/\/www.francisquemichot.fr\/?page_id=7"},"modified":"2023-06-09T11:11:43","modified_gmt":"2023-06-09T09:11:43","slug":"francisque-michot","status":"publish","type":"page","link":"https:\/\/www.francisquemichot.fr\/index.php\/francisque-michot\/","title":{"rendered":"Francisque MICHOT"},"content":{"rendered":"<p>[vc_row][vc_column][vc_column_text]<strong>Biographie de Francisque Nicolas P\u00e9trus MICHOT (1891-1968), par lui-m\u00eame<\/strong><\/p>\n<p>C\u2019est de moi qu\u2019il s\u2019agit. Naturellement, je vais en profiter pour me pr\u00e9senter sous un jour avantageux, mais je ne tromperai que ceux qui ne m\u2019auront pas connu.<\/p>\n<p>Je suis n\u00e9 le 5 octobre 1891, \u00e0 Firminy.<\/p>\n<p>Dans mon enfance, ma vie s\u2019est \u00e9coul\u00e9e dans le sillage de mon fr\u00e8re, allant au lyc\u00e9e \u00e0 mon tour. On s\u2019accordait \u00e0 trouver que j\u2019\u00e9tais un enfant gentil, doux et accommodant.<\/p>\n<p>Comme mon fr\u00e8re, et avec lui, j\u2019ai particip\u00e9 \u00e0 tous ses efforts de diffusion sportive. Que de classes, au lyc\u00e9e, pass\u00e9es \u00e0 faire des affiches ou des prospectus pour nos r\u00e9unions sportives ! Mes \u00e9tudes ont \u00e9t\u00e9 assez m\u00e9diocres, r\u00e9ussissant tout de m\u00eame \u00e0 obtenir le bachot 1\u00e8re partie.<\/p>\n<p>Cherchant ma voie, je fais de l\u2019architecture, chez mon cousin Jean-Baptiste ROUSSET, puis au Service Vicinal chez l\u2019agent voyer cantonal, \u00e0 Saint-Rambert-sur-Loire.<\/p>\n<p>Pouss\u00e9 obscur\u00e9ment par une vocation artistique, \u00e0 18 ans, je pars \u00e0 Paris, gr\u00e2ce \u00e0 un m\u00e9c\u00e8ne de Firminy, M. VINCENT, financier. Il veut bien me prendre comme employ\u00e9 dans une de ses nombreuses affaires. On ne m\u2019y verra qu\u2019\u00e0 la fin de chaque mois, pour toucher mon traitement, il est entendu que le reste du temps, je vais \u00e0 l\u2019\u00c9cole des Beaux-Arts, \u00e0 l\u2019Atelier Merci\u00e9, o\u00f9 le Ma\u00eetre m\u2019a admis.<\/p>\n<p>A Paris, naturellement, je continue \u00e0 faire du sport, au Club Athl\u00e9tique de la Soci\u00e9t\u00e9 G\u00e9n\u00e9rale, o\u00f9 je joue en premi\u00e8re \u00e9quipe comme demi de m\u00eal\u00e9e.<\/p>\n<p>J\u2019expose au Salon des Humoristes, et je vais voir Willette, qui m\u2019encourage \u00e0 pers\u00e9v\u00e9rer.<\/p>\n<p>J\u2019expose aussi au Salon des Arts du Forez quelques statuettes, qui sont accueillies avec bienveillance par la critique.<\/p>\n<p>On se plait \u00e0 trouver dans ces \u0153uvres, des qualit\u00e9s de mouvement, d\u2019observation et d\u2019humour.<\/p>\n<p>Pendant cette p\u00e9riode de ma vie, c\u2019est un peu pour moi la \u00ab\u00a0Vie de Boh\u00eame\u00a0\u00bb au quartier latin, que mes copains et moi nous menons plut\u00f4t par go\u00fbt que par n\u00e9cessit\u00e9.<\/p>\n<p>Je publie chez RORET, un \u00ab\u00a0Manuel pratique de moulage modelage et patine\u00a0\u00bb qui me rapporte cent francs.<\/p>\n<p>Le mus\u00e9e de Saint-Etienne m\u2019ach\u00e8te une statuette en bronze, le \u00ab\u00a0Mineur de la Loire\u00a0\u00bb.<\/p>\n<p>Peu avant d\u2019\u00eatre pris par le service militaire, je r\u00e9int\u00e8gre l\u2019Administration, comme exp\u00e9ditionnaire au Service Vicinal de la Pr\u00e9fecture de la Loire. Mes ambitions artistiques \u00e9taient contrecarr\u00e9es par mon inqui\u00e9tude de l\u2019avenir. Car cet avenir, je ne le voyais qu\u2019avec une certaine Marguerite, que j\u2019aimais d\u00e9j\u00e0 depuis quelques ann\u00e9es, et qui, depuis\u2026<\/p>\n<p>Parti au service, je deviens sergent, dans le minimum de temps, \u00e0 onze mois. Cette vie assez brutale, sans gros soucis, ne me d\u00e9plait pas.<\/p>\n<p>Et c\u2019est la guerre ! Si on ne part pas avec joie, on part n\u00e9anmoins avec enthousiasme\u2026 On les aura.<\/p>\n<p>Mais, pendant quatre ans, que d\u2019heures sombres et tragiques, d\u2019heures de d\u00e9couragement, ou de rage. Que de secteurs parcourus, la bataille de la Marne, les \u00c9parges, le Violu, et tous ces champs de bataille de Verdun, o\u00f9 quatre fois je vais jouer mon r\u00f4le obscur et terrifiant.<\/p>\n<p>Enfin, la chance me poursuit. Non bless\u00e9, \u00e0 peine \u00e9gratign\u00e9 une fois, j\u2019\u00e9chappe aux orages de fer et de feu. On me nomme adjudant, sous-lieutenant, lieutenant, puis capitaine. C\u2019est un succ\u00e8s. Capitaine \u00e0 26 ans et demi !<\/p>\n<p>Et en juillet 18, je tombe aux mains de l\u2019ennemi. Cela me vaudra cinq mois de captivit\u00e9 et une citation \u00e0 l\u2019Ordre de l\u2019Arm\u00e9e.<\/p>\n<p>Rentr\u00e9 par Hambourg et la mer du Nord, je suis affect\u00e9 au 16\u00e8me d\u2019infanterie, \u00e0 Montbrison. C\u2019est la paix. Le sport reprend ses droits, je fais marcher de brillantes \u00e9quipes au r\u00e9giment, et, moi jouant, nous allons en 1\/4 de finale au championnat de France de Rugby.<\/p>\n<p>Je reprends la fabrication de mes statuettes. Plusieurs sont \u00e9dit\u00e9es par M. TOUZOT, fondeur \u00e0 Saint-Etienne.<\/p>\n<p>Je publie chez VUIBERT un bouquin sur \u00ab\u00a0Le Rugby\u00a0\u00bb, qui n\u2019a aucun succ\u00e8s.<\/p>\n<p>Divers stages, \u00e0 l\u2019\u00e9cole de Joinville, au service g\u00e9ographiques, et c\u2019est le d\u00e9part aux T.O.E., en Syrie, o\u00f9 je reste un an \u00e0 faire colonne dans le Djebel Druze, au moment de la r\u00e9bellion en 1926, et \u00e0 faire des lev\u00e9s topographiques pour le service de l\u2019Arm\u00e9e.<\/p>\n<p>Rentr\u00e9 en France, je fais diverses garnisons, Le Puy, Montlu\u00e7on.<\/p>\n<p>Je rentre dans le service du Recrutement en 1931, \u00e0 Clermont-Ferrand. Nomm\u00e9 commandant en 1936, je vais \u00e0 Colmar. La guerre de 39-40 me voit repli\u00e9 avec mon service \u00e0 Bellac Haute-Vienne.<\/p>\n<p>Je partage mes loisirs entre la culture de mon jardin et divers travaux artistiques, affiches, dessins.<\/p>\n<p>Je n\u2019ai pas encore renonc\u00e9 aux pinceaux et aux \u00e9bauchoirs.<\/p>\n<p>&nbsp;<\/p>\n<p>Biographie r\u00e9dig\u00e9e par Francisque MICHOT et retranscrite par Pierre MOIGNET.<\/p>\n<p>&nbsp;<\/p>\n<p>Lien vers la biographie sur Wikip\u00e9dia : cliquez <a href=\"https:\/\/en.wikipedia.org\/wiki\/Francisque_Michot\" target=\"_blank\" rel=\"noopener\">ici<\/a>.[\/vc_column_text][\/vc_column][\/vc_row][vc_row][vc_column][vc_empty_space][\/vc_column][\/vc_row][vc_row][vc_column][vc_empty_space][\/vc_column][\/vc_row][vc_row content_placement=&#8221;middle&#8221; content_text_aligment=&#8221;center&#8221;][vc_column]<div class=\"qodef-image-gallery  qodef-ig-grid-type qodef-large-space  \">\n\t<div class=\"qodef-ig-inner qodef-outer-space qodef-ig-grid qodef-ig-two-columns\">\n\t\t\t\t\t<div class=\"qodef-ig-image qodef-item-space\">\n\t\t\t\t<div class=\"qodef-ig-image-inner\">\n\t\t\t\t\t\t\t\t\t\t\t<img loading=\"lazy\" decoding=\"async\" width=\"224\" height=\"300\" src=\"https:\/\/www.francisquemichot.fr\/wp-content\/uploads\/2023\/03\/IMG_3697-224x300.jpg\" class=\"attachment-medium size-medium\" alt=\"\" srcset=\"https:\/\/www.francisquemichot.fr\/wp-content\/uploads\/2023\/03\/IMG_3697-224x300.jpg 224w, https:\/\/www.francisquemichot.fr\/wp-content\/uploads\/2023\/03\/IMG_3697-765x1024.jpg 765w, https:\/\/www.francisquemichot.fr\/wp-content\/uploads\/2023\/03\/IMG_3697-768x1028.jpg 768w, https:\/\/www.francisquemichot.fr\/wp-content\/uploads\/2023\/03\/IMG_3697-1147x1536.jpg 1147w, https:\/\/www.francisquemichot.fr\/wp-content\/uploads\/2023\/03\/IMG_3697-1530x2048.jpg 1530w, https:\/\/www.francisquemichot.fr\/wp-content\/uploads\/2023\/03\/IMG_3697-600x803.jpg 600w, https:\/\/www.francisquemichot.fr\/wp-content\/uploads\/2023\/03\/IMG_3697-scaled.jpg 1912w\" sizes=\"auto, (max-width: 224px) 100vw, 224px\" \/>\t\t\t\t\t\t\t\t\t<\/div>\n\t\t\t<\/div>\n\t\t\t\t\t<div class=\"qodef-ig-image qodef-item-space\">\n\t\t\t\t<div class=\"qodef-ig-image-inner\">\n\t\t\t\t\t\t\t\t\t\t\t<img loading=\"lazy\" decoding=\"async\" width=\"224\" height=\"300\" src=\"https:\/\/www.francisquemichot.fr\/wp-content\/uploads\/2023\/03\/IMG_3696-224x300.jpg\" class=\"attachment-medium size-medium\" alt=\"\" srcset=\"https:\/\/www.francisquemichot.fr\/wp-content\/uploads\/2023\/03\/IMG_3696-224x300.jpg 224w, https:\/\/www.francisquemichot.fr\/wp-content\/uploads\/2023\/03\/IMG_3696-765x1024.jpg 765w, https:\/\/www.francisquemichot.fr\/wp-content\/uploads\/2023\/03\/IMG_3696-768x1028.jpg 768w, https:\/\/www.francisquemichot.fr\/wp-content\/uploads\/2023\/03\/IMG_3696-1147x1536.jpg 1147w, https:\/\/www.francisquemichot.fr\/wp-content\/uploads\/2023\/03\/IMG_3696-1530x2048.jpg 1530w, https:\/\/www.francisquemichot.fr\/wp-content\/uploads\/2023\/03\/IMG_3696-600x803.jpg 600w, https:\/\/www.francisquemichot.fr\/wp-content\/uploads\/2023\/03\/IMG_3696-scaled.jpg 1912w\" sizes=\"auto, (max-width: 224px) 100vw, 224px\" \/>\t\t\t\t\t\t\t\t\t<\/div>\n\t\t\t<\/div>\n\t\t\t\t\t<div class=\"qodef-ig-image qodef-item-space\">\n\t\t\t\t<div class=\"qodef-ig-image-inner\">\n\t\t\t\t\t\t\t\t\t\t\t<img loading=\"lazy\" decoding=\"async\" width=\"225\" height=\"300\" src=\"https:\/\/www.francisquemichot.fr\/wp-content\/uploads\/2023\/03\/IMG_3735-225x300.jpeg\" class=\"attachment-medium size-medium\" alt=\"\" srcset=\"https:\/\/www.francisquemichot.fr\/wp-content\/uploads\/2023\/03\/IMG_3735-225x300.jpeg 225w, https:\/\/www.francisquemichot.fr\/wp-content\/uploads\/2023\/03\/IMG_3735-scaled-600x800.jpeg 600w, https:\/\/www.francisquemichot.fr\/wp-content\/uploads\/2023\/03\/IMG_3735-768x1024.jpeg 768w, https:\/\/www.francisquemichot.fr\/wp-content\/uploads\/2023\/03\/IMG_3735-1152x1536.jpeg 1152w, https:\/\/www.francisquemichot.fr\/wp-content\/uploads\/2023\/03\/IMG_3735-1536x2048.jpeg 1536w, https:\/\/www.francisquemichot.fr\/wp-content\/uploads\/2023\/03\/IMG_3735-scaled.jpeg 1920w\" sizes=\"auto, (max-width: 225px) 100vw, 225px\" \/>\t\t\t\t\t\t\t\t\t<\/div>\n\t\t\t<\/div>\n\t\t\t\t\t<div class=\"qodef-ig-image qodef-item-space\">\n\t\t\t\t<div class=\"qodef-ig-image-inner\">\n\t\t\t\t\t\t\t\t\t\t\t<img loading=\"lazy\" decoding=\"async\" width=\"300\" height=\"225\" src=\"https:\/\/www.francisquemichot.fr\/wp-content\/uploads\/2023\/03\/IMG_3736-300x225.jpeg\" class=\"attachment-medium size-medium\" alt=\"\" srcset=\"https:\/\/www.francisquemichot.fr\/wp-content\/uploads\/2023\/03\/IMG_3736-300x225.jpeg 300w, https:\/\/www.francisquemichot.fr\/wp-content\/uploads\/2023\/03\/IMG_3736-scaled-600x450.jpeg 600w, https:\/\/www.francisquemichot.fr\/wp-content\/uploads\/2023\/03\/IMG_3736-1024x768.jpeg 1024w, https:\/\/www.francisquemichot.fr\/wp-content\/uploads\/2023\/03\/IMG_3736-768x576.jpeg 768w, https:\/\/www.francisquemichot.fr\/wp-content\/uploads\/2023\/03\/IMG_3736-1536x1152.jpeg 1536w\" sizes=\"auto, (max-width: 300px) 100vw, 300px\" \/>\t\t\t\t\t\t\t\t\t<\/div>\n\t\t\t<\/div>\n\t\t\t<\/div>\n<\/div>[\/vc_column][\/vc_row][vc_row content_placement=&#8221;middle&#8221; content_text_aligment=&#8221;center&#8221;][vc_column]<div class=\"qodef-image-gallery  qodef-ig-grid-type qodef-large-space  \">\n\t<div class=\"qodef-ig-inner qodef-outer-space qodef-ig-grid qodef-ig-three-columns\">\n\t\t\t\t\t<div class=\"qodef-ig-image qodef-item-space\">\n\t\t\t\t<div class=\"qodef-ig-image-inner\">\n\t\t\t\t\t\t\t\t\t\t\t<img loading=\"lazy\" decoding=\"async\" width=\"1024\" height=\"718\" src=\"https:\/\/www.francisquemichot.fr\/wp-content\/uploads\/2023\/06\/Francisque-Michot-3-1024x718.jpg\" class=\"attachment-large size-large\" alt=\"\" srcset=\"https:\/\/www.francisquemichot.fr\/wp-content\/uploads\/2023\/06\/Francisque-Michot-3-1024x718.jpg 1024w, https:\/\/www.francisquemichot.fr\/wp-content\/uploads\/2023\/06\/Francisque-Michot-3-300x210.jpg 300w, https:\/\/www.francisquemichot.fr\/wp-content\/uploads\/2023\/06\/Francisque-Michot-3-768x539.jpg 768w, https:\/\/www.francisquemichot.fr\/wp-content\/uploads\/2023\/06\/Francisque-Michot-3-600x421.jpg 600w, https:\/\/www.francisquemichot.fr\/wp-content\/uploads\/2023\/06\/Francisque-Michot-3.jpg 1473w\" sizes=\"auto, (max-width: 1024px) 100vw, 1024px\" \/>\t\t\t\t\t\t\t\t\t<\/div>\n\t\t\t<\/div>\n\t\t\t\t\t<div class=\"qodef-ig-image qodef-item-space\">\n\t\t\t\t<div class=\"qodef-ig-image-inner\">\n\t\t\t\t\t\t\t\t\t\t\t<img loading=\"lazy\" decoding=\"async\" width=\"718\" height=\"1024\" src=\"https:\/\/www.francisquemichot.fr\/wp-content\/uploads\/2023\/06\/Francisque-Michot-8-718x1024.jpg\" class=\"attachment-large size-large\" alt=\"\" srcset=\"https:\/\/www.francisquemichot.fr\/wp-content\/uploads\/2023\/06\/Francisque-Michot-8-718x1024.jpg 718w, https:\/\/www.francisquemichot.fr\/wp-content\/uploads\/2023\/06\/Francisque-Michot-8-210x300.jpg 210w, https:\/\/www.francisquemichot.fr\/wp-content\/uploads\/2023\/06\/Francisque-Michot-8-768x1095.jpg 768w, https:\/\/www.francisquemichot.fr\/wp-content\/uploads\/2023\/06\/Francisque-Michot-8-1077x1536.jpg 1077w, https:\/\/www.francisquemichot.fr\/wp-content\/uploads\/2023\/06\/Francisque-Michot-8-600x856.jpg 600w, https:\/\/www.francisquemichot.fr\/wp-content\/uploads\/2023\/06\/Francisque-Michot-8.jpg 1103w\" sizes=\"auto, (max-width: 718px) 100vw, 718px\" \/>\t\t\t\t\t\t\t\t\t<\/div>\n\t\t\t<\/div>\n\t\t\t\t\t<div class=\"qodef-ig-image qodef-item-space\">\n\t\t\t\t<div class=\"qodef-ig-image-inner\">\n\t\t\t\t\t\t\t\t\t\t\t<img loading=\"lazy\" decoding=\"async\" width=\"1024\" height=\"825\" src=\"https:\/\/www.francisquemichot.fr\/wp-content\/uploads\/2023\/06\/Francisque-Michot-4-1024x825.jpg\" class=\"attachment-large size-large\" alt=\"\" srcset=\"https:\/\/www.francisquemichot.fr\/wp-content\/uploads\/2023\/06\/Francisque-Michot-4-1024x825.jpg 1024w, https:\/\/www.francisquemichot.fr\/wp-content\/uploads\/2023\/06\/Francisque-Michot-4-300x242.jpg 300w, https:\/\/www.francisquemichot.fr\/wp-content\/uploads\/2023\/06\/Francisque-Michot-4-768x619.jpg 768w, https:\/\/www.francisquemichot.fr\/wp-content\/uploads\/2023\/06\/Francisque-Michot-4-600x483.jpg 600w, https:\/\/www.francisquemichot.fr\/wp-content\/uploads\/2023\/06\/Francisque-Michot-4.jpg 1199w\" sizes=\"auto, (max-width: 1024px) 100vw, 1024px\" \/>\t\t\t\t\t\t\t\t\t<\/div>\n\t\t\t<\/div>\n\t\t\t\t\t<div class=\"qodef-ig-image qodef-item-space\">\n\t\t\t\t<div class=\"qodef-ig-image-inner\">\n\t\t\t\t\t\t\t\t\t\t\t<img loading=\"lazy\" decoding=\"async\" width=\"770\" height=\"1024\" src=\"https:\/\/www.francisquemichot.fr\/wp-content\/uploads\/2023\/06\/Francisque-Michot-1-770x1024.jpg\" class=\"attachment-large size-large\" alt=\"\" srcset=\"https:\/\/www.francisquemichot.fr\/wp-content\/uploads\/2023\/06\/Francisque-Michot-1-770x1024.jpg 770w, https:\/\/www.francisquemichot.fr\/wp-content\/uploads\/2023\/06\/Francisque-Michot-1-225x300.jpg 225w, https:\/\/www.francisquemichot.fr\/wp-content\/uploads\/2023\/06\/Francisque-Michot-1-768x1022.jpg 768w, https:\/\/www.francisquemichot.fr\/wp-content\/uploads\/2023\/06\/Francisque-Michot-1-600x798.jpg 600w, https:\/\/www.francisquemichot.fr\/wp-content\/uploads\/2023\/06\/Francisque-Michot-1.jpg 892w\" sizes=\"auto, (max-width: 770px) 100vw, 770px\" \/>\t\t\t\t\t\t\t\t\t<\/div>\n\t\t\t<\/div>\n\t\t\t\t\t<div class=\"qodef-ig-image qodef-item-space\">\n\t\t\t\t<div class=\"qodef-ig-image-inner\">\n\t\t\t\t\t\t\t\t\t\t\t<img loading=\"lazy\" decoding=\"async\" width=\"431\" height=\"626\" src=\"https:\/\/www.francisquemichot.fr\/wp-content\/uploads\/2023\/06\/Francisque-Michot-Portrait-2.jpg\" class=\"attachment-large size-large\" alt=\"\" srcset=\"https:\/\/www.francisquemichot.fr\/wp-content\/uploads\/2023\/06\/Francisque-Michot-Portrait-2.jpg 431w, https:\/\/www.francisquemichot.fr\/wp-content\/uploads\/2023\/06\/Francisque-Michot-Portrait-2-207x300.jpg 207w\" sizes=\"auto, (max-width: 431px) 100vw, 431px\" \/>\t\t\t\t\t\t\t\t\t<\/div>\n\t\t\t<\/div>\n\t\t\t\t\t<div class=\"qodef-ig-image qodef-item-space\">\n\t\t\t\t<div class=\"qodef-ig-image-inner\">\n\t\t\t\t\t\t\t\t\t\t\t<img loading=\"lazy\" decoding=\"async\" width=\"437\" height=\"632\" src=\"https:\/\/www.francisquemichot.fr\/wp-content\/uploads\/2023\/06\/Francisque-Michot-Portrait-1.jpg\" class=\"attachment-large size-large\" alt=\"\" srcset=\"https:\/\/www.francisquemichot.fr\/wp-content\/uploads\/2023\/06\/Francisque-Michot-Portrait-1.jpg 437w, https:\/\/www.francisquemichot.fr\/wp-content\/uploads\/2023\/06\/Francisque-Michot-Portrait-1-207x300.jpg 207w\" sizes=\"auto, (max-width: 437px) 100vw, 437px\" \/>\t\t\t\t\t\t\t\t\t<\/div>\n\t\t\t<\/div>\n\t\t\t<\/div>\n<\/div>[\/vc_column][\/vc_row][vc_row][vc_column][vc_single_image image=&#8221;400&#8243; img_size=&#8221;large&#8221;][vc_single_image image=&#8221;401&#8243; img_size=&#8221;large&#8221;][vc_single_image image=&#8221;402&#8243; img_size=&#8221;large&#8221; alignment=&#8221;center&#8221;][\/vc_column][\/vc_row][vc_row][vc_column][vc_empty_space][vc_empty_space][vc_btn title=&#8221;Vers la biographie de Joseph MICHOT&#8221; link=&#8221;url:http%3A%2F%2Fwww.francisquemichot.fr%2Findex.php%2Fjoseph-michot%2F|||&#8221;][vc_empty_space][vc_empty_space][\/vc_column][\/vc_row]<\/p>\n","protected":false},"excerpt":{"rendered":"<p>[vc_row][vc_column][vc_column_text]Biographie de Francisque Nicolas P\u00e9trus MICHOT (1891-1968), par lui-m\u00eame C\u2019est de moi qu\u2019il s\u2019agit. Naturellement, je vais en profiter pour me pr\u00e9senter sous un jour avantageux, mais je ne tromperai que ceux qui ne m\u2019auront pas connu. Je suis n\u00e9 [&hellip;]<\/p>\n","protected":false},"author":1,"featured_media":0,"parent":0,"menu_order":0,"comment_status":"closed","ping_status":"closed","template":"","meta":{"footnotes":""},"class_list":["post-7","page","type-page","status-publish","hentry"],"_links":{"self":[{"href":"https:\/\/www.francisquemichot.fr\/index.php\/wp-json\/wp\/v2\/pages\/7","targetHints":{"allow":["GET"]}}],"collection":[{"href":"https:\/\/www.francisquemichot.fr\/index.php\/wp-json\/wp\/v2\/pages"}],"about":[{"href":"https:\/\/www.francisquemichot.fr\/index.php\/wp-json\/wp\/v2\/types\/page"}],"author":[{"embeddable":true,"href":"https:\/\/www.francisquemichot.fr\/index.php\/wp-json\/wp\/v2\/users\/1"}],"replies":[{"embeddable":true,"href":"https:\/\/www.francisquemichot.fr\/index.php\/wp-json\/wp\/v2\/comments?post=7"}],"version-history":[{"count":23,"href":"https:\/\/www.francisquemichot.fr\/index.php\/wp-json\/wp\/v2\/pages\/7\/revisions"}],"predecessor-version":[{"id":562,"href":"https:\/\/www.francisquemichot.fr\/index.php\/wp-json\/wp\/v2\/pages\/7\/revisions\/562"}],"wp:attachment":[{"href":"https:\/\/www.francisquemichot.fr\/index.php\/wp-json\/wp\/v2\/media?parent=7"}],"curies":[{"name":"wp","href":"https:\/\/api.w.org\/{rel}","templated":true}]}}