{"id":6,"date":"2023-02-22T17:32:57","date_gmt":"2023-02-22T16:32:57","guid":{"rendered":"http:\/\/www.francisquemichot.fr\/?page_id=6"},"modified":"2023-06-06T23:16:30","modified_gmt":"2023-06-06T21:16:30","slug":"biographies","status":"publish","type":"page","link":"https:\/\/www.francisquemichot.fr\/index.php\/biographies\/","title":{"rendered":"Biographies"},"content":{"rendered":"<p>[vc_row][vc_column][vc_column_text]En 2023, sous l&#8217;initiative de M. Yves MOULINIER, pr\u00e9sident de la Soci\u00e9t\u00e9 d&#8217;Histoire de Firminy, une r\u00e9trospective est organis\u00e9e sur l&#8217;h\u00e9ritage des fr\u00e8res MICHOT.<\/p>\n<p>&nbsp;<\/p>\n<p>[\/vc_column_text]<div class=\"qodef-image-gallery  qodef-ig-grid-type qodef-large-space  \">\n\t<div class=\"qodef-ig-inner qodef-outer-space qodef-ig-grid qodef-ig-two-columns\">\n\t\t\t\t\t<div class=\"qodef-ig-image qodef-item-space\">\n\t\t\t\t<div class=\"qodef-ig-image-inner\">\n\t\t\t\t\t\t\t\t\t\t\t<img loading=\"lazy\" decoding=\"async\" width=\"1024\" height=\"768\" src=\"https:\/\/www.francisquemichot.fr\/wp-content\/uploads\/2023\/06\/Les-freres-MICHOT-3-1024x768.jpg\" class=\"attachment-large size-large\" alt=\"\" srcset=\"https:\/\/www.francisquemichot.fr\/wp-content\/uploads\/2023\/06\/Les-freres-MICHOT-3-1024x768.jpg 1024w, https:\/\/www.francisquemichot.fr\/wp-content\/uploads\/2023\/06\/Les-freres-MICHOT-3-300x225.jpg 300w, https:\/\/www.francisquemichot.fr\/wp-content\/uploads\/2023\/06\/Les-freres-MICHOT-3-768x576.jpg 768w, https:\/\/www.francisquemichot.fr\/wp-content\/uploads\/2023\/06\/Les-freres-MICHOT-3-600x450.jpg 600w, https:\/\/www.francisquemichot.fr\/wp-content\/uploads\/2023\/06\/Les-freres-MICHOT-3.jpg 1131w\" sizes=\"auto, (max-width: 1024px) 100vw, 1024px\" \/>\t\t\t\t\t\t\t\t\t<\/div>\n\t\t\t<\/div>\n\t\t\t\t\t<div class=\"qodef-ig-image qodef-item-space\">\n\t\t\t\t<div class=\"qodef-ig-image-inner\">\n\t\t\t\t\t\t\t\t\t\t\t<img loading=\"lazy\" decoding=\"async\" width=\"1024\" height=\"768\" src=\"https:\/\/www.francisquemichot.fr\/wp-content\/uploads\/2023\/06\/Les-freres-MICHOT-1-1024x768.jpg\" class=\"attachment-large size-large\" alt=\"\" srcset=\"https:\/\/www.francisquemichot.fr\/wp-content\/uploads\/2023\/06\/Les-freres-MICHOT-1-1024x768.jpg 1024w, https:\/\/www.francisquemichot.fr\/wp-content\/uploads\/2023\/06\/Les-freres-MICHOT-1-300x225.jpg 300w, https:\/\/www.francisquemichot.fr\/wp-content\/uploads\/2023\/06\/Les-freres-MICHOT-1-768x576.jpg 768w, https:\/\/www.francisquemichot.fr\/wp-content\/uploads\/2023\/06\/Les-freres-MICHOT-1-1536x1152.jpg 1536w, https:\/\/www.francisquemichot.fr\/wp-content\/uploads\/2023\/06\/Les-freres-MICHOT-1-600x450.jpg 600w, https:\/\/www.francisquemichot.fr\/wp-content\/uploads\/2023\/06\/Les-freres-MICHOT-1.jpg 1600w\" sizes=\"auto, (max-width: 1024px) 100vw, 1024px\" \/>\t\t\t\t\t\t\t\t\t<\/div>\n\t\t\t<\/div>\n\t\t\t<\/div>\n<\/div>[\/vc_column][\/vc_row][vc_row content_placement=&#8221;middle&#8221;][vc_column width=&#8221;1\/2&#8243;][vc_btn title=&#8221;Biographie de Francisque MICHOT&#8221; link=&#8221;url:http%3A%2F%2Fwww.francisquemichot.fr%2Findex.php%2Ffrancisque-michot%2F|||&#8221;][\/vc_column][vc_column width=&#8221;1\/2&#8243;][vc_btn title=&#8221;Biographie de Joseph MICHOT&#8221; link=&#8221;url:http%3A%2F%2Fwww.francisquemichot.fr%2Findex.php%2Fjoseph-michot%2F|||&#8221;][\/vc_column][\/vc_row]<\/p>\n","protected":false},"excerpt":{"rendered":"<p>[vc_row][vc_column][vc_column_text]En 2023, sous l&#8217;initiative de M. Yves MOULINIER, pr\u00e9sident de la Soci\u00e9t\u00e9 d&#8217;Histoire de Firminy, une r\u00e9trospective est organis\u00e9e sur l&#8217;h\u00e9ritage des fr\u00e8res MICHOT. &nbsp; [\/vc_column_text][\/vc_column][\/vc_row][vc_row content_placement=&#8221;middle&#8221;][vc_column width=&#8221;1\/2&#8243;][vc_btn title=&#8221;Biographie de Francisque MICHOT&#8221; link=&#8221;url:http%3A%2F%2Fwww.francisquemichot.fr%2Findex.php%2Ffrancisque-michot%2F|||&#8221;][\/vc_column][vc_column width=&#8221;1\/2&#8243;][vc_btn title=&#8221;Biographie de Joseph MICHOT&#8221; link=&#8221;url:http%3A%2F%2Fwww.francisquemichot.fr%2Findex.php%2Fjoseph-michot%2F|||&#8221;][\/vc_column][\/vc_row]<\/p>\n","protected":false},"author":1,"featured_media":0,"parent":0,"menu_order":0,"comment_status":"closed","ping_status":"closed","template":"","meta":{"footnotes":""},"class_list":["post-6","page","type-page","status-publish","hentry"],"_links":{"self":[{"href":"https:\/\/www.francisquemichot.fr\/index.php\/wp-json\/wp\/v2\/pages\/6","targetHints":{"allow":["GET"]}}],"collection":[{"href":"https:\/\/www.francisquemichot.fr\/index.php\/wp-json\/wp\/v2\/pages"}],"about":[{"href":"https:\/\/www.francisquemichot.fr\/index.php\/wp-json\/wp\/v2\/types\/page"}],"author":[{"embeddable":true,"href":"https:\/\/www.francisquemichot.fr\/index.php\/wp-json\/wp\/v2\/users\/1"}],"replies":[{"embeddable":true,"href":"https:\/\/www.francisquemichot.fr\/index.php\/wp-json\/wp\/v2\/comments?post=6"}],"version-history":[{"count":7,"href":"https:\/\/www.francisquemichot.fr\/index.php\/wp-json\/wp\/v2\/pages\/6\/revisions"}],"predecessor-version":[{"id":515,"href":"https:\/\/www.francisquemichot.fr\/index.php\/wp-json\/wp\/v2\/pages\/6\/revisions\/515"}],"wp:attachment":[{"href":"https:\/\/www.francisquemichot.fr\/index.php\/wp-json\/wp\/v2\/media?parent=6"}],"curies":[{"name":"wp","href":"https:\/\/api.w.org\/{rel}","templated":true}]}}